{"id":715,"date":"2016-11-28T09:30:51","date_gmt":"2016-11-28T08:30:51","guid":{"rendered":"http:\/\/www.spitzer-textkonzeption.info\/blog\/?page_id=715"},"modified":"2020-05-13T09:10:16","modified_gmt":"2020-05-13T07:10:16","slug":"publikationen","status":"publish","type":"page","link":"https:\/\/www.spitzer-textkonzeption.info\/blog\/?page_id=715","title":{"rendered":"Publikationen"},"content":{"rendered":"\n<div class=\"is-layout-flow wp-block-group\"><div class=\"wp-block-group__inner-container\">\n<div class=\"wp-block-image\"><figure class=\"alignleft\"><a href=\"https:\/\/www.amazon.de\/Ein-Detektiv-Racheengel-ebook\/dp\/B00B2N7K02\" target=\"_blank\" rel=\"noopener noreferrer\"><img decoding=\"async\" loading=\"lazy\" width=\"120\" height=\"190\" src=\"http:\/\/www.spitzer-textkonzeption.info\/blog\/wp-content\/uploads\/2013\/03\/f\u00e4nger_cover_neu_klein-120x190.jpg\" alt=\"Buch: Ein Detektiv und der Racheengel\" class=\"wp-image-460\"\/><\/a><\/figure><\/div>\n<\/div><\/div>\n\n\n\n<p>Detektiv Max F\u00e4nger nimmt den Auftrag eines geheimnisvollen Fremden an und landet mitten in einer blutigen Rachegeschichte, an deren Beginn ein Missbrauchsfall in den 70er Jahren steht. Die erbarmungslose Vergeltung des Racheengels zieht eine blutige Spur von Wien bis Malta. Und auch die Tochter des ehemaligen Peinigers versinkt im Strudel der Vendetta. Ein fesselnder Thriller in der Tradition von Hard-Boiled-Krimis, der in Wien und auf Malta spielt, gew\u00fcrzt mit schwarzem Humor sowie einem Detektiv, der einfach nur in Wien zu finden ist!&nbsp; <a rel=\"noopener noreferrer\" href=\"https:\/\/www.amazon.de\/Ein-Detektiv-Racheengel-ebook\/dp\/B00B2N7K02\" target=\"_blank\">Link zum Buch<\/a>                                    <\/p>\n\n\n\n<div class=\"wp-block-image\"><figure class=\"alignleft\"><a href=\"http:\/\/www.amazon.de\/Die-Pforte-D\u00e4monen-Helmut-Spitzer-ebook\/dp\/B00OS41QXO\/\" target=\"_blank\" rel=\"noopener noreferrer\"><img decoding=\"async\" loading=\"lazy\" width=\"120\" height=\"190\" src=\"http:\/\/www.spitzer-textkonzeption.info\/blog\/wp-content\/uploads\/2014\/10\/pforte_cover-120x190.jpg\" alt=\"Buch: Die Pforte der D\u00e4monen\" class=\"wp-image-317\"\/><\/a><\/figure><\/div>\n\n\n\n<div class=\"is-layout-flow wp-block-group\"><div class=\"wp-block-group__inner-container\">\n<p>In der Ortschaft Brunnenfeld entkommen drei D\u00e4monen aus der Zwischenwelt und st\u00fcrzen sich auf die hilflosen Einwohner. Nur Dr. Bogner und der D\u00e4mon Erebal stellen sich dem d\u00e4monischen W\u00fcten entgegen. Um jeden Preis muss eines der gr\u00f6\u00dften Geheimnisse der Menschheit gewahrt bleiben. Unterst\u00fctzt von einer Einheimischen und der geheimnisvollen D\u00e4monenflamme beginnt f\u00fcr Erebal und Bogner die Entscheidungsschlacht. Der Preis: die ungest\u00f6rte Zukunft der menschlichen Dimension! <a rel=\"noopener noreferrer\" href=\"http:\/\/www.amazon.de\/Die-Pforte-D\u00e4monen-Helmut-Spitzer-ebook\/dp\/B00OS41QXO\/\" target=\"_blank\">Link zum Buch<\/a><\/p>\n<\/div><\/div>\n\n\n\n<div class=\"wp-block-image\"><figure class=\"alignleft\"><a href=\"https:\/\/www.amazon.de\/dp\/B088GMMVV3\/\" target=\"_blank\" rel=\"noopener noreferrer\"><img decoding=\"async\" loading=\"lazy\" width=\"120\" height=\"190\" src=\"https:\/\/www.spitzer-textkonzeption.info\/blog\/wp-content\/uploads\/2020\/05\/covid_cover_s-120x190.jpg\" alt=\"\" class=\"wp-image-1346\"\/><\/a><\/figure><\/div>\n\n\n\n<div class=\"is-layout-flow wp-block-group\"><div class=\"wp-block-group__inner-container\">\n<p class=\"has-text-align-left\">Die Nebenwirkungen der COVID-19 Ma\u00dfnahmen werden in sozialen und wirtschaftlichen Bereichen langfristig gr\u00f6\u00dfere Probleme bereiten als die Erkrankung selbst. Trotz dieser negativen Auswirkungen argumentieren Menschen nach dem Motto \u201edie Gesundheit geht vor\u201c. Aus Vorsicht und R\u00fccksicht einem unbekannten Virus gegen\u00fcber stimmen wir Taten zu, die wir bei keiner andern Krankheit davor gesetzt haben. Und dar\u00fcber muss gesprochen werden! Diese Streitschrift pr\u00e4sentiert meinen pers\u00f6nlich kritischen Beitrag zu den Fragen, die noch in den n\u00e4chsten Jahren zu kl\u00e4ren sein werden.&nbsp; <a rel=\"noopener noreferrer\" href=\"https:\/\/www.amazon.de\/dp\/B088GMMVV3\/\" target=\"_blank\">Link zum Buch<\/a><\/p>\n<\/div><\/div>\n\n\n\n<div class=\"is-layout-flow wp-block-group\"><div class=\"wp-block-group__inner-container\">\n<p>Eine Auswahl weiterer Publikationen findet sich unter <a href=\"http:\/\/www.spitzer-textkonzeption.info\/snapshots.htm\" target=\"_blank\" rel=\"noopener noreferrer\">diesem Link <\/a>sowie <a href=\"http:\/\/www.spitzer-textkonzeption.info\/medientexte.htm\" target=\"_blank\" rel=\"noopener noreferrer\">einem Link zu ausgew\u00e4hlten Medientexten<\/a>.<\/p>\n<\/div><\/div>\n","protected":false},"excerpt":{"rendered":"<p>Detektiv Max F\u00e4nger nimmt den Auftrag eines geheimnisvollen Fremden an und landet mitten in einer blutigen Rachegeschichte, an deren Beginn ein Missbrauchsfall in den 70er Jahren steht. Die erbarmungslose Vergeltung des Racheengels zieht eine blutige Spur von Wien bis Malta. &hellip; <a href=\"https:\/\/www.spitzer-textkonzeption.info\/blog\/?page_id=715\">Weiterlesen <span class=\"meta-nav\">&rarr;<\/span><\/a><\/p>\n","protected":false},"author":2,"featured_media":0,"parent":0,"menu_order":2,"comment_status":"closed","ping_status":"closed","template":"","meta":[],"_links":{"self":[{"href":"https:\/\/www.spitzer-textkonzeption.info\/blog\/index.php?rest_route=\/wp\/v2\/pages\/715"}],"collection":[{"href":"https:\/\/www.spitzer-textkonzeption.info\/blog\/index.php?rest_route=\/wp\/v2\/pages"}],"about":[{"href":"https:\/\/www.spitzer-textkonzeption.info\/blog\/index.php?rest_route=\/wp\/v2\/types\/page"}],"author":[{"embeddable":true,"href":"https:\/\/www.spitzer-textkonzeption.info\/blog\/index.php?rest_route=\/wp\/v2\/users\/2"}],"replies":[{"embeddable":true,"href":"https:\/\/www.spitzer-textkonzeption.info\/blog\/index.php?rest_route=%2Fwp%2Fv2%2Fcomments&post=715"}],"version-history":[{"count":21,"href":"https:\/\/www.spitzer-textkonzeption.info\/blog\/index.php?rest_route=\/wp\/v2\/pages\/715\/revisions"}],"predecessor-version":[{"id":1363,"href":"https:\/\/www.spitzer-textkonzeption.info\/blog\/index.php?rest_route=\/wp\/v2\/pages\/715\/revisions\/1363"}],"wp:attachment":[{"href":"https:\/\/www.spitzer-textkonzeption.info\/blog\/index.php?rest_route=%2Fwp%2Fv2%2Fmedia&parent=715"}],"curies":[{"name":"wp","href":"https:\/\/api.w.org\/{rel}","templated":true}]}}