{"id":25,"date":"2013-01-18T08:00:40","date_gmt":"2013-01-18T07:00:40","guid":{"rendered":"http:\/\/www.spitzer-textkonzeption.info\/blog\/?page_id=25"},"modified":"2015-07-28T08:25:22","modified_gmt":"2015-07-28T06:25:22","slug":"impressum","status":"publish","type":"page","link":"https:\/\/www.spitzer-textkonzeption.info\/blog\/?page_id=25","title":{"rendered":"Impressum"},"content":{"rendered":"<p><strong>Die Textschmiede<\/strong> ist der Blog von Mag. Helmut Spitzer, 1050 Wien, Margareteng\u00fcrtel 6\/7, Autor und Schriftsteller <strong>E-Mail<\/strong>:<a href=\"mailto:office@textschmiede.at\">office@textschmiede.at<\/a><\/p>\n<p>F\u00fcr den Inhalt verantwortlich: Mag. Helmut Spitzer<\/p>\n<p>Rechteinhaber s\u00e4mtlicher Texte und Bilder der Webseite, sofern nicht anders<br \/>\nangegeben ist Mag. Helmut Spitzer. Jede Verwendung in elektronischer oder analoger Form nur nach ausdr\u00fccklicher Zustimmung des Rechteinhabers!<\/p>\n<p>Der Blog ist eine politisch unabh\u00e4ngige Textsammlung meiner ausschlie\u00dflich pers\u00f6nlichen Meinungen und Ansichten zu ausgew\u00e4hlten Themen in \u00d6sterreich und der Welt sowie Informationen zu Entstehung, Inhalt und Ver\u00f6ffentlichung meiner Romane und Texte .<\/p>\n","protected":false},"excerpt":{"rendered":"<p>Die Textschmiede ist der Blog von Mag. Helmut Spitzer, 1050 Wien, Margareteng\u00fcrtel 6\/7, Autor und Schriftsteller E-Mail:office@textschmiede.at F\u00fcr den Inhalt verantwortlich: Mag. Helmut Spitzer Rechteinhaber s\u00e4mtlicher Texte und Bilder der Webseite, sofern nicht anders angegeben ist Mag. Helmut Spitzer. Jede &hellip; <a href=\"https:\/\/www.spitzer-textkonzeption.info\/blog\/?page_id=25\">Weiterlesen <span class=\"meta-nav\">&rarr;<\/span><\/a><\/p>\n","protected":false},"author":1,"featured_media":0,"parent":0,"menu_order":4,"comment_status":"closed","ping_status":"closed","template":"","meta":[],"_links":{"self":[{"href":"https:\/\/www.spitzer-textkonzeption.info\/blog\/index.php?rest_route=\/wp\/v2\/pages\/25"}],"collection":[{"href":"https:\/\/www.spitzer-textkonzeption.info\/blog\/index.php?rest_route=\/wp\/v2\/pages"}],"about":[{"href":"https:\/\/www.spitzer-textkonzeption.info\/blog\/index.php?rest_route=\/wp\/v2\/types\/page"}],"author":[{"embeddable":true,"href":"https:\/\/www.spitzer-textkonzeption.info\/blog\/index.php?rest_route=\/wp\/v2\/users\/1"}],"replies":[{"embeddable":true,"href":"https:\/\/www.spitzer-textkonzeption.info\/blog\/index.php?rest_route=%2Fwp%2Fv2%2Fcomments&post=25"}],"version-history":[{"count":9,"href":"https:\/\/www.spitzer-textkonzeption.info\/blog\/index.php?rest_route=\/wp\/v2\/pages\/25\/revisions"}],"predecessor-version":[{"id":1039,"href":"https:\/\/www.spitzer-textkonzeption.info\/blog\/index.php?rest_route=\/wp\/v2\/pages\/25\/revisions\/1039"}],"wp:attachment":[{"href":"https:\/\/www.spitzer-textkonzeption.info\/blog\/index.php?rest_route=%2Fwp%2Fv2%2Fmedia&parent=25"}],"curies":[{"name":"wp","href":"https:\/\/api.w.org\/{rel}","templated":true}]}}