{"id":117,"date":"2013-03-19T10:21:27","date_gmt":"2013-03-19T09:21:27","guid":{"rendered":"http:\/\/www.spitzer-textkonzeption.info\/blog\/?page_id=117"},"modified":"2013-03-19T10:43:39","modified_gmt":"2013-03-19T09:43:39","slug":"willkommen","status":"publish","type":"page","link":"https:\/\/www.spitzer-textkonzeption.info\/blog\/?page_id=117","title":{"rendered":"Willkommen"},"content":{"rendered":"<p>Ende J\u00e4nner ist mein neuer Blog gestartet.<br \/>\nDarin werde ich regelm\u00e4\u00dfig \u00fcber verschiedene Themen schreiben, philosophieren und manchmal auch polemisieren \ud83d\ude42<\/p>\n<p>Und Dinge, die mich besonders \u00e4rgern, bekommen einen Ehrenplatz unter der Rubrik:<br \/>\nDas darf doch nicht wahr sein!<br \/>\nViel Spa\u00df beim Lesen!<\/p>\n<p>&nbsp;<\/p>\n","protected":false},"excerpt":{"rendered":"<p>Ende J\u00e4nner ist mein neuer Blog gestartet. Darin werde ich regelm\u00e4\u00dfig \u00fcber verschiedene Themen schreiben, philosophieren und manchmal auch polemisieren \ud83d\ude42 Und Dinge, die mich besonders \u00e4rgern, bekommen einen Ehrenplatz unter der Rubrik: Das darf doch nicht wahr sein! Viel &hellip; <a href=\"https:\/\/www.spitzer-textkonzeption.info\/blog\/?page_id=117\">Weiterlesen <span class=\"meta-nav\">&rarr;<\/span><\/a><\/p>\n","protected":false},"author":2,"featured_media":0,"parent":0,"menu_order":1,"comment_status":"closed","ping_status":"closed","template":"","meta":[],"_links":{"self":[{"href":"https:\/\/www.spitzer-textkonzeption.info\/blog\/index.php?rest_route=\/wp\/v2\/pages\/117"}],"collection":[{"href":"https:\/\/www.spitzer-textkonzeption.info\/blog\/index.php?rest_route=\/wp\/v2\/pages"}],"about":[{"href":"https:\/\/www.spitzer-textkonzeption.info\/blog\/index.php?rest_route=\/wp\/v2\/types\/page"}],"author":[{"embeddable":true,"href":"https:\/\/www.spitzer-textkonzeption.info\/blog\/index.php?rest_route=\/wp\/v2\/users\/2"}],"replies":[{"embeddable":true,"href":"https:\/\/www.spitzer-textkonzeption.info\/blog\/index.php?rest_route=%2Fwp%2Fv2%2Fcomments&post=117"}],"version-history":[{"count":3,"href":"https:\/\/www.spitzer-textkonzeption.info\/blog\/index.php?rest_route=\/wp\/v2\/pages\/117\/revisions"}],"predecessor-version":[{"id":127,"href":"https:\/\/www.spitzer-textkonzeption.info\/blog\/index.php?rest_route=\/wp\/v2\/pages\/117\/revisions\/127"}],"wp:attachment":[{"href":"https:\/\/www.spitzer-textkonzeption.info\/blog\/index.php?rest_route=%2Fwp%2Fv2%2Fmedia&parent=117"}],"curies":[{"name":"wp","href":"https:\/\/api.w.org\/{rel}","templated":true}]}}