{"id":1040,"date":"2018-05-18T11:37:03","date_gmt":"2018-05-18T09:37:03","guid":{"rendered":"http:\/\/www.spitzer-textkonzeption.info\/blog\/?page_id=1040"},"modified":"2018-05-18T11:39:09","modified_gmt":"2018-05-18T09:39:09","slug":"datenschutzerklaerung","status":"publish","type":"page","link":"https:\/\/www.spitzer-textkonzeption.info\/blog\/?page_id=1040","title":{"rendered":"Datenschutzerkl\u00e4rung"},"content":{"rendered":"<p style=\"text-align: justify;\">Der Schutz Ihrer pers\u00f6nlichen Daten ist mir ein besonderes Anliegen. Ich verarbeite Ihre Daten daher ausschlie\u00dflich auf Grundlage der gesetzlichen Bestimmungen (DSGVO, TKG 2003). In diesen Datenschutzinformationen informiere ich Sie \u00fcber die wichtigsten Aspekte der Datenverarbeitung im Rahmen meiner Website und Blog. Die Textschmiede ist unter der Webadresse <a href=\"http:\/\/www.textschmiede.at\/\">www.textschmiede.at<\/a> oder \u00fcber die Webseite <a href=\"http:\/\/www.spitzer-textkonzeption.info\/blog\">www.spitzer-textkonzeption.info\/blog<\/a> erreichbar.<br \/>\nDen Blog \u201eDie Textschmiede\u201c oder die dahinterliegende Webseite k\u00f6nnen Sie besuchen, ohne Angaben zu Ihrer Person zu machen. Es werden daher <strong>keine personenbezogenen Daten gesammelt, verarbeitet oder weitergegeben<\/strong>. Als personenbezogene Daten gelten s\u00e4mtliche Informationen, welche dazu dienen, Ihre Person zu bestimmen und welche zu Ihnen zur\u00fcckverfolgt werden k\u00f6nnen, also beispielsweise Ihr Name, Ihre E-Mail-Adresse und Telefonnummer oder IP-Adresse.<\/p>\n<p>Es werden keine Cookies angelegt und keine Web-Analyse-Tools verwendet. Zur Wahrung Ihrer datenschutzrechtlichen Sicherheit ist die Kommentarfunktion des Blogs auch weiterhin geschlossen.<\/p>\n<p>Kontakt<br \/>\nWenn Sie mich per E-Mail <a href=\"mailto:office@textschmiede.at\">office@textschmiede.at<\/a> oder <a href=\"mailto:office@spitzer-textkonzeption.info\">office@spitzer-textkonzeption.info<\/a> anschreiben, werden Ihre angegebenen Daten zwecks Bearbeitung der Anfrage und f\u00fcr den Fall von Anschlussfragen <strong>zwei Wochen gespeichert<\/strong>. Diese Daten gebe ich nicht ohne Ihre Einwilligung weiter.<\/p>\n<p>Zugriffsdaten<br \/>\nDie Webseite hinter dem Blog erhebt aufgrund berechtigten Interesses (s. Art. 6 Abs. 1 lit. f. DSGVO) statistische Daten \u00fcber Zugriffe auf die Website und speichern diese als \u201eWebserver-Logfiles\u201c auf dem Server der Website ab. Folgende Daten werden protokolliert:<\/p>\n<ul style=\"text-align: justify;\">\n<li>Aufgerufene Seite (URL)<\/li>\n<li>die Uhrzeit der Serveranfrage<\/li>\n<li>Menge der gesendeten Daten in Byte<\/li>\n<li>Referrer URL (die vorher besuchte Seite)<\/li>\n<li>Verwendeter Browser bzw. Browserversion<\/li>\n<li>Verwendetes Betriebssystem<\/li>\n<\/ul>\n<p style=\"text-align: justify;\">Aus Gr\u00fcnden der Betriebssicherheit, zur Erstellung der Zugriffsstatistik usw. werden Webserver-Logfiles erstellt. Diese Logdateien werden mit Umsetzung der DSGVO <strong>zwei Wochen <\/strong><strong>lang gespeichert<\/strong>. Es stehen unter anderem auch Error-Logdateien zur Verf\u00fcgung, die beim Auffinden von Fehlern hilfreich sind. Diese werden ebenfalls nach zwei Wochen automatisiert gel\u00f6scht.<br \/>\nDa es sich bei IP-Adressen um personenbezogene Daten handelt, werden diese nicht mehr in der Zugriffstatistik der Website ausgewertet und angezeigt.\u00a0Die IP Adressen wurden auch bereits aus alten Statistik Dateien entfernt. Somit ist die Statistik bei World4You DSGVO konform. Die Server von der Webseite befinden sich in den Rechenzentren von World4You in Linz und Wien.<\/p>\n<p style=\"text-align: justify;\">Ihre Rechte<br \/>\nIhnen stehen grunds\u00e4tzlich die Rechte auf Auskunft, Berichtigung, L\u00f6schung, Einschr\u00e4nkung, Daten\u00fcbertragbarkeit, Widerruf und Widerspruch zu. Wenn Sie glauben, dass die Verarbeitung Ihrer Daten gegen das Datenschutzrecht verst\u00f6\u00dft oder Ihre datenschutzrechtlichen Anspr\u00fcche sonst in einer Weise verletzt worden sind, k\u00f6nnen Sie sich bei der Aufsichtsbeh\u00f6rde beschweren. In \u00d6sterreich ist dies die Datenschutzbeh\u00f6rde.<\/p>\n<p>Sie erreichen mich unter folgenden Kontaktdaten:<br \/>\nMag. Helmut Spitzer<br \/>\n1050 Wien, Margareteng\u00fcrtel 6\/7<br \/>\n0676 47 48 695<br \/>\n<a href=\"mailto:office@textschmiede.at\">office@textschmiede.at<\/a><\/p>\n","protected":false},"excerpt":{"rendered":"<p>Der Schutz Ihrer pers\u00f6nlichen Daten ist mir ein besonderes Anliegen. Ich verarbeite Ihre Daten daher ausschlie\u00dflich auf Grundlage der gesetzlichen Bestimmungen (DSGVO, TKG 2003). In diesen Datenschutzinformationen informiere ich Sie \u00fcber die wichtigsten Aspekte der Datenverarbeitung im Rahmen meiner Website &hellip; <a href=\"https:\/\/www.spitzer-textkonzeption.info\/blog\/?page_id=1040\">Weiterlesen <span class=\"meta-nav\">&rarr;<\/span><\/a><\/p>\n","protected":false},"author":2,"featured_media":0,"parent":0,"menu_order":0,"comment_status":"closed","ping_status":"closed","template":"","meta":[],"_links":{"self":[{"href":"https:\/\/www.spitzer-textkonzeption.info\/blog\/index.php?rest_route=\/wp\/v2\/pages\/1040"}],"collection":[{"href":"https:\/\/www.spitzer-textkonzeption.info\/blog\/index.php?rest_route=\/wp\/v2\/pages"}],"about":[{"href":"https:\/\/www.spitzer-textkonzeption.info\/blog\/index.php?rest_route=\/wp\/v2\/types\/page"}],"author":[{"embeddable":true,"href":"https:\/\/www.spitzer-textkonzeption.info\/blog\/index.php?rest_route=\/wp\/v2\/users\/2"}],"replies":[{"embeddable":true,"href":"https:\/\/www.spitzer-textkonzeption.info\/blog\/index.php?rest_route=%2Fwp%2Fv2%2Fcomments&post=1040"}],"version-history":[{"count":3,"href":"https:\/\/www.spitzer-textkonzeption.info\/blog\/index.php?rest_route=\/wp\/v2\/pages\/1040\/revisions"}],"predecessor-version":[{"id":1043,"href":"https:\/\/www.spitzer-textkonzeption.info\/blog\/index.php?rest_route=\/wp\/v2\/pages\/1040\/revisions\/1043"}],"wp:attachment":[{"href":"https:\/\/www.spitzer-textkonzeption.info\/blog\/index.php?rest_route=%2Fwp%2Fv2%2Fmedia&parent=1040"}],"curies":[{"name":"wp","href":"https:\/\/api.w.org\/{rel}","templated":true}]}}